{"id":122,"date":"2021-05-18T10:43:34","date_gmt":"2021-05-18T10:43:34","guid":{"rendered":"http:\/\/ayuntamientodeharia.com\/deportes\/login\/"},"modified":"2023-07-27T10:38:18","modified_gmt":"2023-07-27T10:38:18","slug":"login","status":"publish","type":"page","link":"https:\/\/ayuntamientodeharia.com\/deportes\/login\/","title":{"rendered":"Iniciar sesi\u00f3n"},"content":{"rendered":"\n<div class=\"um um-login um-118\">\n\t<div class=\"um-form\">\n\t\t<form method=\"post\" action=\"\" autocomplete=\"off\">\n\t\t\t<div class=\"um-row-heading\" style=\"margin: 0px 0px 30px 0px;margin-bottom: 0px;padding: 10px 15px;border-width: 0px 0px 0px 0px;border-style: solid;border-radius: 0px 0px 0px 0px;border-bottom-width: 0px;background-color: #eeee22;\">Para iniciar sesi\u00f3n introduce tu nombre de usuari@ y contrase\u00f1a.<\/div><div class=\"um-row _um_row_1 \" style=\"padding: 0px 0px 0px 0px;margin: 0px 0px 30px 0px;margin-top: 0px;border-width: 0px 0px 0px 0px;border-top-width: 0px;border-style: solid;border-radius: 0px 0px 0px 0px;\"><div class=\"um-col-1\"><div  id=\"um_field_118_username\" class=\"um-field um-field-text  um-field-username um-field-text um-field-type_text\" data-key=\"username\"><div class=\"um-field-label\"><label for=\"username-118\">Nombre de usuario o Correo electr\u00f3nico<span class=\"um-req\" title=\"Obligatorio\">*<\/span><\/label><div class=\"um-clear\"><\/div><\/div><div class=\"um-field-area\"><input  autocomplete=\"off\" class=\"um-form-field valid \" type=\"text\" name=\"username-118\" id=\"username-118\" value=\"\" placeholder=\"\" data-validate=\"unique_username_or_email\" data-key=\"username\"  aria-invalid=\"false\" \/>\n\n\t\t\t\t\t\t<\/div><\/div><div  id=\"um_field_118_user_password\" class=\"um-field um-field-password  um-field-user_password um-field-password um-field-type_password\" data-key=\"user_password\"><div class=\"um-field-label\"><label for=\"user_password-118\">Contrase\u00f1a<span class=\"um-req\" title=\"Obligatorio\">*<\/span><\/label><div class=\"um-clear\"><\/div><\/div><div class=\"um-field-area\"><input class=\"um-form-field valid \" type=\"password\" name=\"user_password-118\" id=\"user_password-118\" value=\"\" placeholder=\"\" data-validate=\"\" data-key=\"user_password\"  aria-invalid=\"false\" \/>\n\n\t\t\t\t\t\t\t<\/div><\/div><\/div><\/div>\t<input type=\"hidden\" name=\"form_id\" id=\"form_id_118\" value=\"118\" \/>\n\t\t<p class=\"um_request_name\">\n\t\t<label for=\"um_request_118\">Only fill in if you are not human<\/label>\n\t\t<input type=\"hidden\" name=\"um_request\" id=\"um_request_118\" class=\"input\" value=\"\" size=\"25\" autocomplete=\"off\" \/>\n\t<\/p>\n\t<input type=\"hidden\" id=\"_wpnonce\" name=\"_wpnonce\" value=\"4a30d7f520\" \/><input type=\"hidden\" name=\"_wp_http_referer\" value=\"\/deportes\/wp-json\/wp\/v2\/pages\/122\" \/>\n\t<div class=\"um-col-alt\">\n\n\t\t\n\n\t\t\t<div class=\"um-field um-field-c\">\n\t\t\t\t<div class=\"um-field-area\">\n\t\t\t\t\t<label class=\"um-field-checkbox\">\n\t\t\t\t\t\t<input type=\"checkbox\" name=\"rememberme\" value=\"1\"  \/>\n\t\t\t\t\t\t<span class=\"um-field-checkbox-state\"><i class=\"um-icon-android-checkbox-outline-blank\"><\/i><\/span>\n\t\t\t\t\t\t<span class=\"um-field-checkbox-option\"> Mantenerme conectado<\/span>\n\t\t\t\t\t<\/label>\n\t\t\t\t<\/div>\n\t\t\t<\/div>\n\n\t\t\t\t\t\t<div class=\"um-clear\"><\/div>\n\t\t\n\t\t\t<div class=\"um-left um-half\">\n\t\t\t\t<input type=\"submit\" value=\"Iniciar sesi\u00f3n\" class=\"um-button\" id=\"um-submit-btn\" \/>\n\t\t\t<\/div>\n\t\t\t<div class=\"um-right um-half\">\n\t\t\t\t<a href=\"https:\/\/ayuntamientodeharia.com\/deportes\/formulario-de-registro-gim-pruebas\/\" class=\"um-button um-alt\">\n\t\t\t\t\tRegistrarse\t\t\t\t<\/a>\n\t\t\t<\/div>\n\n\t\t\n\t\t<div class=\"um-clear\"><\/div>\n\n\t<\/div>\n\n\t\n\t<div class=\"um-col-alt-b\">\n\t\t<a href=\"https:\/\/ayuntamientodeharia.com\/deportes\/password-reset\/\" class=\"um-link-alt\">\n\t\t\t\u00bfHas olvidado tu contrase\u00f1a?\t\t<\/a>\n\t<\/div>\n\n\t\t\t<\/form>\n\t<\/div>\n<\/div>\n<style>\n\t\t\t.um-118.um {\n\t\t\tmax-width: 450px;\n\t\t}\n\t\t<\/style>\n\n<div class=\"um um-login um-118\">\n<center><b>Una vez hayas iniciado sesi\u00f3n puedes realizar tus reservas a trav\u00e9s del men\u00fa &#8220;RESERVAS&#8221;<\/b><\/center><\/p>\n<div class=\"um-row-heading\" style=\"margin: 0px 0px 30px 0px; margin-bottom: 0px; padding: 10px 15px; border-width: 0px; border-style: solid; border-radius: 0px 0px 0px 0px; border-bottom-width: 0px; background-color: #eeee22;\">Si olvid\u00f3 su contrase\u00f1a pinche sobre\u00a0 <strong>&#8220;\u00bfHas olvidado tu contrase\u00f1a?&#8221;<\/strong>. Para cualquier consulta o duda sobre como registrarse puede enviar un correo electr\u00f3nico a <b><u>deportes@ayuntamientodeharia.com<\/u><\/b> poniendo sus datos de contacto e indicando de que problema se trata.<\/div>\n<\/div>\n","protected":false},"excerpt":{"rendered":"<p>Una vez hayas iniciado sesi\u00f3n puedes realizar tus reservas a trav\u00e9s del men\u00fa &#8220;RESERVAS&#8221; Si olvid\u00f3 su contrase\u00f1a pinche sobre\u00a0 &#8220;\u00bfHas olvidado tu contrase\u00f1a?&#8221;. Para cualquier consulta o duda sobre como registrarse puede enviar un correo electr\u00f3nico a deportes@ayuntamientodeharia.com poniendo sus datos de contacto e indicando de que problema se trata.<\/p>\n","protected":false},"author":1,"featured_media":0,"parent":0,"menu_order":0,"comment_status":"closed","ping_status":"closed","template":"","meta":{"footnotes":""},"class_list":["post-122","page","type-page","status-publish","hentry"],"_links":{"self":[{"href":"https:\/\/ayuntamientodeharia.com\/deportes\/wp-json\/wp\/v2\/pages\/122","targetHints":{"allow":["GET"]}}],"collection":[{"href":"https:\/\/ayuntamientodeharia.com\/deportes\/wp-json\/wp\/v2\/pages"}],"about":[{"href":"https:\/\/ayuntamientodeharia.com\/deportes\/wp-json\/wp\/v2\/types\/page"}],"author":[{"embeddable":true,"href":"https:\/\/ayuntamientodeharia.com\/deportes\/wp-json\/wp\/v2\/users\/1"}],"replies":[{"embeddable":true,"href":"https:\/\/ayuntamientodeharia.com\/deportes\/wp-json\/wp\/v2\/comments?post=122"}],"version-history":[{"count":22,"href":"https:\/\/ayuntamientodeharia.com\/deportes\/wp-json\/wp\/v2\/pages\/122\/revisions"}],"predecessor-version":[{"id":718,"href":"https:\/\/ayuntamientodeharia.com\/deportes\/wp-json\/wp\/v2\/pages\/122\/revisions\/718"}],"wp:attachment":[{"href":"https:\/\/ayuntamientodeharia.com\/deportes\/wp-json\/wp\/v2\/media?parent=122"}],"curies":[{"name":"wp","href":"https:\/\/api.w.org\/{rel}","templated":true}]}}